{"id":167,"date":"2021-09-07T07:21:50","date_gmt":"2021-09-07T05:21:50","guid":{"rendered":"https:\/\/framan.pl\/?page_id=167"},"modified":"2026-01-08T18:35:24","modified_gmt":"2026-01-08T17:35:24","slug":"rekrutacja","status":"publish","type":"page","link":"https:\/\/www.framan.pl\/?page_id=167","title":{"rendered":"REKRUTACJA"},"content":{"rendered":"\n<p>Rekrutacja:<\/p>\n\n\n\n<p class=\"has-medium-pink-color has-text-color\">Poszukujemy osoby ch\u0119tnej do podj\u0119cia ni\u017cej opisanego zaj\u0119cia:<\/p>\n\n\n\n<p><strong>Oferta pracy dodatkowej<\/strong>.<\/p>\n\n\n\n<p>Stanowisko: Rewizor (kontroler bilet\u00f3w) w komunikacji zbiorowej powiatu strzelecko-drezdeneckiego.<\/p>\n\n\n\n<p>Oferta skierowana tylko (!) do os\u00f3b mieszkaj\u0105cych w Drezdenku (lub w miejscowo\u015bciach b\u0119d\u0105cych po trasie linii autobusowych m.in. Goszczanowo, Go\u015bcim, Trzebicz).<\/p>\n\n\n\n<p>Miesi\u0119czne minimum zlecenia to wykonanie 10 kontroli w r\u00f3\u017cnych dniach, godzinach, miejscach.<\/p>\n\n\n\n<p>Gwarantowane sta\u0142e wynagrodzenie i premia bez ogranicze\u0144.<\/p>\n\n\n\n<p>Dodatkowy bonus: darmowe przejazdy wszystkimi autobusami PKS Gorz\u00f3w Wielkopolski<\/p>\n\n\n\n<p>Informacje szczeg\u00f3\u0142owe: tel. 697899986; je\u015bli nie odbieram to oddzwoni\u0119.<\/p>\n\n\n\n<p>CV na adres <a href=\"mailto:rekrutacja@framan.pl\">rekrutacja@framan.pl<\/a><\/p>\n\n\n\n<p>Szczeg\u00f3\u0142y na stronie:<\/p>\n\n\n\n<p><a href=\"http:\/\/www.framan.pl\">www.framan.pl<\/a><\/p>\n\n\n\n<p class=\"has-medium-pink-color has-text-color\"><a href=\"file:\/\/\/A:\/OneDrive%20-%20697899986\/Downloads\/Dokumenty\/My%20Web%20Sites\/rekrutacja.framan.pl\">rekrutacja.framan.pl<\/a><\/p>\n\n\n\n<p><\/p>\n\n\n\n<p>Zadania:<\/p>\n\n\n\n<p>1.&nbsp;&nbsp;&nbsp;&nbsp;&nbsp;&nbsp;&nbsp;Kontrola podr\u00f3\u017cnych pod k\u0105tem posiadania w\u0142a\u015bciwych dokument\u00f3w przewozowych (bilet\u00f3w, legitymacji ) w autobusach przewo\u017anik\u00f3w<\/p>\n\n\n\n<p>2.&nbsp;&nbsp;&nbsp;&nbsp;&nbsp;&nbsp;&nbsp;Inne czynno\u015bci kontrolne dotycz\u0105ce autobus\u00f3w, dworc\u00f3w, przystank\u00f3w, plac\u00f3w postojowych, baz paliwowych oraz pracownik\u00f3w przewo\u017anik\u00f3w&nbsp;zajmuj\u0105cych si\u0119 obs\u0142ug\u0105 podr\u00f3\u017cnych.<\/p>\n\n\n\n<p>3.&nbsp;&nbsp;&nbsp;&nbsp;&nbsp;&nbsp;&nbsp;Obserwacja w formie \u201eTajemniczego klienta\u201d<\/p>\n\n\n\n<p>4.&nbsp;&nbsp;&nbsp;&nbsp;&nbsp;&nbsp;&nbsp;Nak\u0142adanie op\u0142at dodatkowych<\/p>\n\n\n\n<p>5.&nbsp;&nbsp;&nbsp;&nbsp;&nbsp;&nbsp;&nbsp;Sporz\u0105dzanie dokumentacji<\/p>\n\n\n\n<p>Wymagania:<\/p>\n\n\n\n<p>1.&nbsp;&nbsp;&nbsp;&nbsp;&nbsp;&nbsp;&nbsp;Wykszta\u0142cenie co najmniej \u015brednie<\/p>\n\n\n\n<p>2.&nbsp;&nbsp;&nbsp;&nbsp;&nbsp;&nbsp;&nbsp;Uko\u0144czone 21 lat<\/p>\n\n\n\n<p>3.&nbsp;&nbsp;&nbsp;&nbsp;&nbsp;&nbsp;&nbsp;Dobry stan zdrowia<\/p>\n\n\n\n<p>4.&nbsp;&nbsp;&nbsp;&nbsp;&nbsp;&nbsp;&nbsp;O\u015bwiadczenie o niekaralno\u015bci<\/p>\n\n\n\n<p>5.&nbsp;&nbsp;&nbsp;&nbsp;&nbsp;&nbsp;&nbsp;Odporno\u015b\u0107 na stres<\/p>\n\n\n\n<p>6.&nbsp;&nbsp;&nbsp;&nbsp;&nbsp;&nbsp;&nbsp;Brak na\u0142og\u00f3w<\/p>\n\n\n\n<p>7.&nbsp;&nbsp;&nbsp;&nbsp;&nbsp;&nbsp;&nbsp;Prawo jazdy kategorii \u201eB\u201d<\/p>\n\n\n\n<p>8.&nbsp;&nbsp;&nbsp;&nbsp;&nbsp;&nbsp;&nbsp;Znajomo\u015b\u0107 Ustawy prawo przewozowe, rozporz\u0105dze\u0144 wydanych na jej podstawie oraz \u201eTaryf przewozowych\u201d wybranych przewo\u017anik\u00f3w. Wymagany zakres wiedzy pod adresem&nbsp;<a href=\"http:\/\/pks.framan.pl\/\">pks.framan.pl<\/a><\/p>\n\n\n\n<p>Oferujemy:<\/p>\n\n\n\n<p>1.&nbsp;&nbsp;&nbsp;&nbsp;&nbsp;&nbsp;&nbsp;Umowa zlecenie<\/p>\n\n\n\n<p>2.&nbsp;&nbsp;&nbsp;&nbsp;&nbsp;&nbsp;&nbsp;Wynagrodzenie w zale\u017cno\u015bci od ilo\u015bci wykonanych kontroli<\/p>\n\n\n\n<p>3.&nbsp;&nbsp;&nbsp;&nbsp;&nbsp;&nbsp;&nbsp;Elastyczny czas pracy<\/p>\n\n\n\n<p>4.&nbsp;&nbsp;&nbsp;&nbsp;&nbsp;&nbsp;&nbsp;Szkolenie<\/p>\n\n\n\n<p>CV prosimy wys\u0142a\u0107 na adres:<\/p>\n\n\n\n<p><a href=\"mailto:rekrutacja@framan.pl\">rekrutacja@framan.pl<\/a><\/p>\n\n\n\n<p>Skontaktujemy si\u0119 z wybranymi osobami.<\/p>\n","protected":false},"excerpt":{"rendered":"<p>Rekrutacja: Poszukujemy osoby ch\u0119tnej do podj\u0119cia ni\u017cej opisanego zaj\u0119cia: Oferta pracy dodatkowej. Stanowisko: Rewizor (kontroler bilet\u00f3w) w komunikacji zbiorowej powiatu strzelecko-drezdeneckiego. Oferta skierowana tylko (!) do os\u00f3b mieszkaj\u0105cych w Drezdenku (lub w miejscowo\u015bciach b\u0119d\u0105cych po trasie linii autobusowych m.in. Goszczanowo, Go\u015bcim, Trzebicz). Miesi\u0119czne minimum zlecenia to wykonanie 10 kontroli w r\u00f3\u017cnych dniach, godzinach, miejscach. Gwarantowane &hellip; <a href=\"https:\/\/www.framan.pl\/?page_id=167\" class=\"more-link\">Czytaj dalej <span class=\"screen-reader-text\">REKRUTACJA<\/span><\/a><\/p>\n","protected":false},"author":1,"featured_media":0,"parent":0,"menu_order":0,"comment_status":"closed","ping_status":"closed","template":"","meta":{"footnotes":""},"class_list":["post-167","page","type-page","status-publish","hentry"],"_links":{"self":[{"href":"https:\/\/www.framan.pl\/index.php?rest_route=\/wp\/v2\/pages\/167","targetHints":{"allow":["GET"]}}],"collection":[{"href":"https:\/\/www.framan.pl\/index.php?rest_route=\/wp\/v2\/pages"}],"about":[{"href":"https:\/\/www.framan.pl\/index.php?rest_route=\/wp\/v2\/types\/page"}],"author":[{"embeddable":true,"href":"https:\/\/www.framan.pl\/index.php?rest_route=\/wp\/v2\/users\/1"}],"replies":[{"embeddable":true,"href":"https:\/\/www.framan.pl\/index.php?rest_route=%2Fwp%2Fv2%2Fcomments&post=167"}],"version-history":[{"count":8,"href":"https:\/\/www.framan.pl\/index.php?rest_route=\/wp\/v2\/pages\/167\/revisions"}],"predecessor-version":[{"id":287,"href":"https:\/\/www.framan.pl\/index.php?rest_route=\/wp\/v2\/pages\/167\/revisions\/287"}],"wp:attachment":[{"href":"https:\/\/www.framan.pl\/index.php?rest_route=%2Fwp%2Fv2%2Fmedia&parent=167"}],"curies":[{"name":"wp","href":"https:\/\/api.w.org\/{rel}","templated":true}]}}